{"id":117,"date":"2025-10-17T19:11:38","date_gmt":"2025-10-17T19:11:38","guid":{"rendered":"https:\/\/asap.hostingpruebaspearl.com\/?page_id=117"},"modified":"2026-02-11T23:00:16","modified_gmt":"2026-02-11T23:00:16","slug":"contact","status":"publish","type":"page","link":"https:\/\/asapjunkremoval.ca\/fr\/contact\/","title":{"rendered":"Contact"},"content":{"rendered":"<div data-elementor-type=\"wp-page\" data-elementor-id=\"117\" class=\"elementor elementor-117\" data-elementor-post-type=\"page\">\n\t\t\t\t<div class=\"elementor-element elementor-element-d331686 e-con-full e-flex e-con e-parent\" data-id=\"d331686\" data-element_type=\"container\" data-settings=\"{&quot;background_background&quot;:&quot;classic&quot;}\">\n\t\t<div class=\"elementor-element elementor-element-337cc75 e-con-full e-flex e-con e-child\" data-id=\"337cc75\" data-element_type=\"container\">\n\t\t<div class=\"elementor-element elementor-element-06bcd5c e-con-full e-flex e-con e-child\" data-id=\"06bcd5c\" data-element_type=\"container\">\n\t\t\t\t<div class=\"elementor-element elementor-element-73dcbf2 elementor-widget elementor-widget-heading\" data-id=\"73dcbf2\" data-element_type=\"widget\" data-widget_type=\"heading.default\">\n\t\t\t\t\t<h2 class=\"elementor-heading-title elementor-size-default\">Obtenez un devis gratuit et sans engagement<\/h2>\t\t\t\t<\/div>\n\t\t<div class=\"elementor-element elementor-element-afbd0db e-con-full e-flex e-con e-child\" data-id=\"afbd0db\" data-element_type=\"container\">\n\t\t\t\t<div class=\"elementor-element elementor-element-5192591 elementor-widget elementor-widget-gum_heading\" data-id=\"5192591\" data-element_type=\"widget\" data-settings=\"{&quot;_animation&quot;:&quot;none&quot;}\" data-widget_type=\"gum_heading.default\">\n\t\t\t\t<div class=\"elementor-widget-container\">\n\t\t\t\t\t<div class=\"gum-widget-title\"><div class=\"section-main-title size-default\"><a href=\"#\"><span class=\"prefix\"><\/span><span class=\"maintitle\">Accueil<\/span><span class=\"subfix\"><\/span><\/a><\/div><\/div>\t\t\t\t<\/div>\n\t\t\t\t<\/div>\n\t\t\t\t<div class=\"elementor-element elementor-element-3e58938 elementor-view-default elementor-widget elementor-widget-icon\" data-id=\"3e58938\" data-element_type=\"widget\" data-widget_type=\"icon.default\">\n\t\t\t\t\t\t\t<div class=\"elementor-icon-wrapper\">\n\t\t\t<a class=\"elementor-icon\" href=\"#\">\n\t\t\t<i aria-hidden=\"true\" class=\"icon icon-right-arrow1\"><\/i>\t\t\t<\/a>\n\t\t<\/div>\n\t\t\t\t\t\t<\/div>\n\t\t\t\t<div class=\"elementor-element elementor-element-d93bc56 elementor-widget elementor-widget-gum_heading\" data-id=\"d93bc56\" data-element_type=\"widget\" data-widget_type=\"gum_heading.default\">\n\t\t\t\t<div class=\"elementor-widget-container\">\n\t\t\t\t\t<div class=\"gum-widget-title\"><div class=\"section-main-title size-default\"><a href=\"https:\/\/asapjunkremoval.ca\/fr\/contact\/\">Contact<\/a><\/div><\/div>\t\t\t\t<\/div>\n\t\t\t\t<\/div>\n\t\t\t\t<\/div>\n\t\t\t\t<\/div>\n\t\t\t\t<\/div>\n\t\t<div class=\"elementor-element elementor-element-4431874 e-con-full elementor-hidden-mobile e-flex e-con e-child\" data-id=\"4431874\" data-element_type=\"container\">\n\t\t\t\t<\/div>\n\t\t\t\t<\/div>\n\t\t<div class=\"elementor-element elementor-element-2442cb7 e-flex e-con-boxed e-con e-parent\" data-id=\"2442cb7\" data-element_type=\"container\">\n\t\t\t\t\t<div class=\"e-con-inner\">\n\t\t<div class=\"elementor-element elementor-element-220b045 e-con-full e-flex e-con e-child\" data-id=\"220b045\" data-element_type=\"container\">\n\t\t<div class=\"elementor-element elementor-element-d7f0c9a e-con-full e-flex e-con e-child\" data-id=\"d7f0c9a\" data-element_type=\"container\">\n\t\t<div class=\"elementor-element elementor-element-e6bc622 e-con-full e-flex e-con e-child\" data-id=\"e6bc622\" data-element_type=\"container\">\n\t\t<div class=\"elementor-element elementor-element-e300f93 e-con-full e-flex e-con e-child\" data-id=\"e300f93\" data-element_type=\"container\">\n\t\t\t\t<div class=\"elementor-element elementor-element-3ef4567 elementor-widget elementor-widget-image\" data-id=\"3ef4567\" data-element_type=\"widget\" data-widget_type=\"image.default\">\n\t\t\t\t\t\t\t\t\t\t\t\t\t\t\t<img fetchpriority=\"high\" decoding=\"async\" width=\"1920\" height=\"2560\" src=\"https:\/\/asapjunkremoval.ca\/wp-content\/uploads\/2025\/12\/last-photo-on-contact-us-scaled.jpg\" class=\"attachment-full size-full wp-image-2283\" alt=\"\" srcset=\"https:\/\/asapjunkremoval.ca\/wp-content\/uploads\/2025\/12\/last-photo-on-contact-us-scaled.jpg 1920w, https:\/\/asapjunkremoval.ca\/wp-content\/uploads\/2025\/12\/last-photo-on-contact-us-225x300.jpg 225w, https:\/\/asapjunkremoval.ca\/wp-content\/uploads\/2025\/12\/last-photo-on-contact-us-768x1024.jpg 768w, https:\/\/asapjunkremoval.ca\/wp-content\/uploads\/2025\/12\/last-photo-on-contact-us-1152x1536.jpg 1152w, https:\/\/asapjunkremoval.ca\/wp-content\/uploads\/2025\/12\/last-photo-on-contact-us-1536x2048.jpg 1536w, https:\/\/asapjunkremoval.ca\/wp-content\/uploads\/2025\/12\/last-photo-on-contact-us-9x12.jpg 9w\" sizes=\"(max-width: 1920px) 100vw, 1920px\" \/>\t\t\t\t\t\t\t\t\t\t\t\t\t\t\t<\/div>\n\t\t\t\t<\/div>\n\t\t<div class=\"elementor-element elementor-element-ab0d30e e-con-full e-flex e-con e-child\" data-id=\"ab0d30e\" data-element_type=\"container\" data-settings=\"{&quot;background_background&quot;:&quot;classic&quot;}\">\n\t\t\t\t<div class=\"elementor-element elementor-element-fee9ceb elementor-widget elementor-widget-html\" data-id=\"fee9ceb\" data-element_type=\"widget\" data-no-translation=\"\" data-widget_type=\"html.default\">\n\t\t\t\t\t<style>.elementor-element-fee9ceb{display:none !important}<\/style>\t\t\t\t<\/div>\n\t\t\t\t<div class=\"elementor-element elementor-element-889a101 elementor-widget elementor-widget-html\" data-id=\"889a101\" data-element_type=\"widget\" data-widget_type=\"html.default\">\n\t\t\t\t\t<div id=\"contenedor-formulario-fr\" style=\"display:none;\">\r\n    <iframe\r\n        src=\"https:\/\/api.leadconnectorhq.com\/widget\/form\/QzmTotxUPvJ8iHZ1lfCK\"\r\n        style=\"width:100%;height:100%;border:none;border-radius:3px\"\r\n        id=\"inline-QzmTotxUPvJ8iHZ1lfCK\" \r\n        data-layout=\"{'id':'INLINE'}\"\r\n        data-trigger-type=\"alwaysShow\"\r\n        data-trigger-value=\"\"\r\n        data-activation-type=\"alwaysActivated\"\r\n        data-activation-value=\"\"\r\n        data-deactivation-type=\"neverDeactivate\"\r\n        data-deactivation-value=\"\"\r\n        data-form-name=\"Website Form Submission General - French\"\r\n        data-height=\"949\"\r\n        data-layout-iframe-id=\"inline-QzmTotxUPvJ8iHZ1lfCK\"\r\n        data-form-id=\"QzmTotxUPvJ8iHZ1lfCK\"\r\n        title=\"Website Form Submission General - French\"\r\n        scrolling=\"no\">\r\n    <\/iframe>\r\n<\/div>\r\n\r\n<script src=\"https:\/\/link.msgsndr.com\/js\/form_embed.js\"><\/script>\r\n\r\n<script>\r\n  (function() {\r\n    \/\/ Detectamos si la URL contiene \"\/fr\/\" o termina en \"\/fr\"\r\n    if (window.location.pathname.includes('\/fr\/') || window.location.pathname.endsWith('\/fr')) {\r\n      document.getElementById('contenedor-formulario-fr').style.display = 'block';\r\n    }\r\n  })();\r\n<\/script>\t\t\t\t<\/div>\n\t\t\t\t<\/div>\n\t\t\t\t<\/div>\n\t\t\t\t<\/div>\n\t\t<div class=\"elementor-element elementor-element-94b6a29 e-con-full e-flex e-con e-child\" data-id=\"94b6a29\" data-element_type=\"container\">\n\t\t<a class=\"elementor-element elementor-element-6ce1827 e-con-full e-transform e-flex e-con e-child\" data-id=\"6ce1827\" data-element_type=\"container\" data-settings=\"{&quot;background_background&quot;:&quot;classic&quot;,&quot;_transform_scale_effect_hover&quot;:{&quot;unit&quot;:&quot;px&quot;,&quot;size&quot;:0.9,&quot;sizes&quot;:[]},&quot;_transform_scale_effect_hover_tablet&quot;:{&quot;unit&quot;:&quot;px&quot;,&quot;size&quot;:&quot;&quot;,&quot;sizes&quot;:[]},&quot;_transform_scale_effect_hover_mobile&quot;:{&quot;unit&quot;:&quot;px&quot;,&quot;size&quot;:&quot;&quot;,&quot;sizes&quot;:[]}}\" href=\"tel:5149073363\">\n\t\t\t\t<div class=\"elementor-element elementor-element-c59a21d elementor-widget__width-inherit elementor-widget elementor-widget-heading\" data-id=\"c59a21d\" data-element_type=\"widget\" data-widget_type=\"heading.default\">\n\t\t\t\t\t<h6 class=\"elementor-heading-title elementor-size-default\">Parlons-en<\/h6>\t\t\t\t<\/div>\n\t\t\t\t<div class=\"elementor-element elementor-element-94051e7 elementor-widget elementor-widget-text-editor\" data-id=\"94051e7\" data-element_type=\"widget\" data-widget_type=\"text-editor.default\">\n\t\t\t\t\t\t\t\t\t<p><span style=\"font-weight: 400;\">514-907-3363<\/span><\/p>\t\t\t\t\t\t\t\t<\/div>\n\t\t\t\t<div class=\"elementor-element elementor-element-912d6d8 elementor-view-default elementor-widget elementor-widget-icon\" data-id=\"912d6d8\" data-element_type=\"widget\" data-widget_type=\"icon.default\">\n\t\t\t\t\t\t\t<div class=\"elementor-icon-wrapper\">\n\t\t\t<div class=\"elementor-icon\">\n\t\t\t<svg aria-hidden=\"true\" class=\"e-font-icon-svg e-fas-phone-alt\" viewbox=\"0 0 512 512\" xmlns=\"http:\/\/www.w3.org\/2000\/svg\"><path d=\"M497.39 361.8l-112-48a24 24 0 0 0-28 6.9l-49.6 60.6A370.66 370.66 0 0 1 130.6 204.11l60.6-49.6a23.94 23.94 0 0 0 6.9-28l-48-112A24.16 24.16 0 0 0 122.6.61l-104 24A24 24 0 0 0 0 48c0 256.5 207.9 464 464 464a24 24 0 0 0 23.4-18.6l24-104a24.29 24.29 0 0 0-14.01-27.6z\"><\/path><\/svg>\t\t\t<\/div>\n\t\t<\/div>\n\t\t\t\t\t\t<\/div>\n\t\t\t\t<\/a>\n\t\t<div class=\"elementor-element elementor-element-c8ac5d9 e-con-full e-flex e-con e-child\" data-id=\"c8ac5d9\" data-element_type=\"container\" data-settings=\"{&quot;background_background&quot;:&quot;classic&quot;}\">\n\t\t\t\t<div class=\"elementor-element elementor-element-e48c3b7 elementor-widget__width-inherit elementor-widget elementor-widget-heading\" data-id=\"e48c3b7\" data-element_type=\"widget\" data-widget_type=\"heading.default\">\n\t\t\t\t\t<h6 class=\"elementor-heading-title elementor-size-default\">Soutien par courrier \u00e9lectronique<\/h6>\t\t\t\t<\/div>\n\t\t\t\t<div class=\"elementor-element elementor-element-5fb24ee elementor-widget elementor-widget-text-editor\" data-id=\"5fb24ee\" data-element_type=\"widget\" data-widget_type=\"text-editor.default\">\n\t\t\t\t\t\t\t\t\t<p><a href=\"mailto:info@asapjunkremoval.ca\"><span class=\"elementor-icon-list-text\">info@asapjunkremoval.ca<\/span><\/a><\/p>\t\t\t\t\t\t\t\t<\/div>\n\t\t\t\t<div class=\"elementor-element elementor-element-39853d0 elementor-view-default elementor-widget elementor-widget-icon\" data-id=\"39853d0\" data-element_type=\"widget\" data-widget_type=\"icon.default\">\n\t\t\t\t\t\t\t<div class=\"elementor-icon-wrapper\">\n\t\t\t<div class=\"elementor-icon\">\n\t\t\t<svg aria-hidden=\"true\" class=\"e-font-icon-svg e-fas-envelope\" viewbox=\"0 0 512 512\" xmlns=\"http:\/\/www.w3.org\/2000\/svg\"><path d=\"M502.3 190.8c3.9-3.1 9.7-.2 9.7 4.7V400c0 26.5-21.5 48-48 48H48c-26.5 0-48-21.5-48-48V195.6c0-5 5.7-7.8 9.7-4.7 22.4 17.4 52.1 39.5 154.1 113.6 21.1 15.4 56.7 47.8 92.2 47.6 35.7.3 72-32.8 92.3-47.6 102-74.1 131.6-96.3 154-113.7zM256 320c23.2.4 56.6-29.2 73.4-41.4 132.7-96.3 142.8-104.7 173.4-128.7 5.8-4.5 9.2-11.5 9.2-18.9v-19c0-26.5-21.5-48-48-48H48C21.5 64 0 85.5 0 112v19c0 7.4 3.4 14.3 9.2 18.9 30.6 23.9 40.7 32.4 173.4 128.7 16.8 12.2 50.2 41.8 73.4 41.4z\"><\/path><\/svg>\t\t\t<\/div>\n\t\t<\/div>\n\t\t\t\t\t\t<\/div>\n\t\t\t\t<\/div>\n\t\t<div class=\"elementor-element elementor-element-a00b318 e-con-full e-flex e-con e-child\" data-id=\"a00b318\" data-element_type=\"container\" data-settings=\"{&quot;background_background&quot;:&quot;classic&quot;}\">\n\t\t\t\t<div class=\"elementor-element elementor-element-42749bb elementor-widget__width-inherit elementor-widget elementor-widget-heading\" data-id=\"42749bb\" data-element_type=\"widget\" data-widget_type=\"heading.default\">\n\t\t\t\t\t<h6 class=\"elementor-heading-title elementor-size-default\">Notre bureau<\/h6>\t\t\t\t<\/div>\n\t\t\t\t<div class=\"elementor-element elementor-element-19d867f elementor-widget__width-initial elementor-widget elementor-widget-text-editor\" data-id=\"19d867f\" data-element_type=\"widget\" data-widget_type=\"text-editor.default\">\n\t\t\t\t\t\t\t\t\t<p>2020 Trans Canada RouteSuite 107, Dorval, Qu\u00e9bec H9P 2N4, Canad\u00e1<\/p>\t\t\t\t\t\t\t\t<\/div>\n\t\t\t\t<div class=\"elementor-element elementor-element-613c5e7 elementor-view-default elementor-widget elementor-widget-icon\" data-id=\"613c5e7\" data-element_type=\"widget\" data-widget_type=\"icon.default\">\n\t\t\t\t\t\t\t<div class=\"elementor-icon-wrapper\">\n\t\t\t<div class=\"elementor-icon\">\n\t\t\t<svg aria-hidden=\"true\" class=\"e-font-icon-svg e-fas-map-marker-alt\" viewbox=\"0 0 384 512\" xmlns=\"http:\/\/www.w3.org\/2000\/svg\"><path d=\"M172.268 501.67C26.97 291.031 0 269.413 0 192 0 85.961 85.961 0 192 0s192 85.961 192 192c0 77.413-26.97 99.031-172.268 309.67-9.535 13.774-29.93 13.773-39.464 0zM192 272c44.183 0 80-35.817 80-80s-35.817-80-80-80-80 35.817-80 80 35.817 80 80 80z\"><\/path><\/svg>\t\t\t<\/div>\n\t\t<\/div>\n\t\t\t\t\t\t<\/div>\n\t\t\t\t<\/div>\n\t\t\t\t<\/div>\n\t\t<div class=\"elementor-element elementor-element-eccc872 e-con-full e-flex e-con e-child\" data-id=\"eccc872\" data-element_type=\"container\">\n\t\t\t\t<div class=\"elementor-element elementor-element-6316a5d elementor-widget elementor-widget-google_maps\" data-id=\"6316a5d\" data-element_type=\"widget\" data-widget_type=\"google_maps.default\">\n\t\t\t\t\t\t\t<div class=\"elementor-custom-embed\">\n\t\t\t<iframe loading=\"lazy\"\n\t\t\t\t\tsrc=\"https:\/\/maps.google.com\/maps?q=%202020%20Trans%20Canada%20Route%20Suite%20107%2C%20Dorval%2C%20Quebec%20H9P%202N4%2C%20Canad%C3%A1&#038;t=m&#038;z=10&#038;output=embed&#038;iwloc=near\"\n\t\t\t\t\ttitle=\" 2020 Trans Canada Route Suite 107, Dorval, Quebec H9P 2N4, Canad\u00e1\"\n\t\t\t\t\taria-label=\" 2020 Trans Canada Route Suite 107, Dorval, Quebec H9P 2N4, Canad\u00e1\"\n\t\t\t><\/iframe>\n\t\t<\/div>\n\t\t\t\t\t\t<\/div>\n\t\t\t\t<\/div>\n\t\t\t\t<\/div>\n\t\t\t\t\t<\/div>\n\t\t\t\t<\/div>\n\t\t\t\t<\/div>","protected":false},"excerpt":{"rendered":"<p>Get a free, no-obligation quote Home Contact Let&#8217;s Talk 514-907-3363 Email Support info@asapjunkremoval.ca Our Office 2020 Trans Canada RouteSuite 107, Dorval, Quebec H9P 2N4, Canad\u00e1<\/p>","protected":false},"author":1,"featured_media":0,"parent":0,"menu_order":0,"comment_status":"closed","ping_status":"closed","template":"","meta":{"footnotes":""},"class_list":["post-117","page","type-page","status-publish","hentry"],"yoast_head":"<!-- This site is optimized with the Yoast SEO plugin v26.7 - https:\/\/yoast.com\/wordpress\/plugins\/seo\/ -->\n<title>Contact - ASAP Junk Removal<\/title>\n<meta name=\"robots\" content=\"index, follow, max-snippet:-1, max-image-preview:large, max-video-preview:-1\" \/>\n<link rel=\"canonical\" href=\"https:\/\/asapjunkremoval.ca\/fr\/contact\/\" \/>\n<meta property=\"og:locale\" content=\"fr_FR\" \/>\n<meta property=\"og:type\" content=\"article\" \/>\n<meta property=\"og:title\" content=\"Contact - ASAP Junk Removal\" \/>\n<meta property=\"og:description\" content=\"Get a free, no-obligation quote Home Contact Let&#8217;s Talk 514-907-3363 Email Support info@asapjunkremoval.ca Our Office 2020 Trans Canada RouteSuite 107, Dorval, Quebec H9P 2N4, Canad\u00e1\" \/>\n<meta property=\"og:url\" content=\"https:\/\/asapjunkremoval.ca\/fr\/contact\/\" \/>\n<meta property=\"og:site_name\" content=\"ASAP Junk Removal\" \/>\n<meta property=\"article:modified_time\" content=\"2026-02-11T23:00:16+00:00\" \/>\n<meta property=\"og:image\" content=\"https:\/\/asapjunkremoval.ca\/wp-content\/uploads\/2025\/12\/last-photo-on-contact-us-scaled.jpg\" \/>\n\t<meta property=\"og:image:width\" content=\"1920\" \/>\n\t<meta property=\"og:image:height\" content=\"2560\" \/>\n\t<meta property=\"og:image:type\" content=\"image\/jpeg\" \/>\n<meta name=\"twitter:card\" content=\"summary_large_image\" \/>\n<meta name=\"twitter:label1\" content=\"Dur\u00e9e de lecture estim\u00e9e\" \/>\n\t<meta name=\"twitter:data1\" content=\"1 minute\" \/>\n<script type=\"application\/ld+json\" class=\"yoast-schema-graph\">{\"@context\":\"https:\/\/schema.org\",\"@graph\":[{\"@type\":\"WebPage\",\"@id\":\"https:\/\/asapjunkremoval.ca\/contact\/\",\"url\":\"https:\/\/asapjunkremoval.ca\/contact\/\",\"name\":\"Contact - ASAP Junk Removal\",\"isPartOf\":{\"@id\":\"https:\/\/asapjunkremoval.ca\/fr\/#website\"},\"primaryImageOfPage\":{\"@id\":\"https:\/\/asapjunkremoval.ca\/contact\/#primaryimage\"},\"image\":{\"@id\":\"https:\/\/asapjunkremoval.ca\/contact\/#primaryimage\"},\"thumbnailUrl\":\"https:\/\/asapjunkremoval.ca\/wp-content\/uploads\/2025\/12\/last-photo-on-contact-us-scaled.jpg\",\"datePublished\":\"2025-10-17T19:11:38+00:00\",\"dateModified\":\"2026-02-11T23:00:16+00:00\",\"breadcrumb\":{\"@id\":\"https:\/\/asapjunkremoval.ca\/contact\/#breadcrumb\"},\"inLanguage\":\"fr-FR\",\"potentialAction\":[{\"@type\":\"ReadAction\",\"target\":[\"https:\/\/asapjunkremoval.ca\/contact\/\"]}]},{\"@type\":\"ImageObject\",\"inLanguage\":\"fr-FR\",\"@id\":\"https:\/\/asapjunkremoval.ca\/contact\/#primaryimage\",\"url\":\"https:\/\/asapjunkremoval.ca\/wp-content\/uploads\/2025\/12\/last-photo-on-contact-us-scaled.jpg\",\"contentUrl\":\"https:\/\/asapjunkremoval.ca\/wp-content\/uploads\/2025\/12\/last-photo-on-contact-us-scaled.jpg\"},{\"@type\":\"BreadcrumbList\",\"@id\":\"https:\/\/asapjunkremoval.ca\/contact\/#breadcrumb\",\"itemListElement\":[{\"@type\":\"ListItem\",\"position\":1,\"name\":\"Home\",\"item\":\"https:\/\/asapjunkremoval.ca\/\"},{\"@type\":\"ListItem\",\"position\":2,\"name\":\"Contact\"}]},{\"@type\":\"WebSite\",\"@id\":\"https:\/\/asapjunkremoval.ca\/fr\/#website\",\"url\":\"https:\/\/asapjunkremoval.ca\/fr\/\",\"name\":\"ASAP Junk Removal\",\"description\":\"Montreal\u2019s Trusted Junk Removal Experts\",\"publisher\":{\"@id\":\"https:\/\/asapjunkremoval.ca\/fr\/#organization\"},\"potentialAction\":[{\"@type\":\"SearchAction\",\"target\":{\"@type\":\"EntryPoint\",\"urlTemplate\":\"https:\/\/asapjunkremoval.ca\/fr\/?s={search_term_string}\"},\"query-input\":{\"@type\":\"PropertyValueSpecification\",\"valueRequired\":true,\"valueName\":\"search_term_string\"}}],\"inLanguage\":\"fr-FR\"},{\"@type\":\"Organization\",\"@id\":\"https:\/\/asapjunkremoval.ca\/fr\/#organization\",\"name\":\"ASAP Junk Removal\",\"url\":\"https:\/\/asapjunkremoval.ca\/fr\/\",\"logo\":{\"@type\":\"ImageObject\",\"inLanguage\":\"fr-FR\",\"@id\":\"https:\/\/asapjunkremoval.ca\/fr\/#\/schema\/logo\/image\/\",\"url\":\"https:\/\/asapjunkremoval.ca\/wp-content\/uploads\/2025\/10\/ASAP-favicon.webp\",\"contentUrl\":\"https:\/\/asapjunkremoval.ca\/wp-content\/uploads\/2025\/10\/ASAP-favicon.webp\",\"width\":1316,\"height\":1316,\"caption\":\"ASAP Junk Removal\"},\"image\":{\"@id\":\"https:\/\/asapjunkremoval.ca\/fr\/#\/schema\/logo\/image\/\"}}]}<\/script>\n<!-- \/ Yoast SEO plugin. -->","yoast_head_json":{"title":"Contact - ASAP Junk Removal","robots":{"index":"index","follow":"follow","max-snippet":"max-snippet:-1","max-image-preview":"max-image-preview:large","max-video-preview":"max-video-preview:-1"},"canonical":"https:\/\/asapjunkremoval.ca\/fr\/contact\/","og_locale":"fr_FR","og_type":"article","og_title":"Contact - ASAP Junk Removal","og_description":"Get a free, no-obligation quote Home Contact Let&#8217;s Talk 514-907-3363 Email Support info@asapjunkremoval.ca Our Office 2020 Trans Canada RouteSuite 107, Dorval, Quebec H9P 2N4, Canad\u00e1","og_url":"https:\/\/asapjunkremoval.ca\/fr\/contact\/","og_site_name":"ASAP Junk Removal","article_modified_time":"2026-02-11T23:00:16+00:00","og_image":[{"width":1920,"height":2560,"url":"https:\/\/asapjunkremoval.ca\/wp-content\/uploads\/2025\/12\/last-photo-on-contact-us-scaled.jpg","type":"image\/jpeg"}],"twitter_card":"summary_large_image","twitter_misc":{"Dur\u00e9e de lecture estim\u00e9e":"1 minute"},"schema":{"@context":"https:\/\/schema.org","@graph":[{"@type":"WebPage","@id":"https:\/\/asapjunkremoval.ca\/contact\/","url":"https:\/\/asapjunkremoval.ca\/contact\/","name":"Contact - ASAP Junk Removal","isPartOf":{"@id":"https:\/\/asapjunkremoval.ca\/fr\/#website"},"primaryImageOfPage":{"@id":"https:\/\/asapjunkremoval.ca\/contact\/#primaryimage"},"image":{"@id":"https:\/\/asapjunkremoval.ca\/contact\/#primaryimage"},"thumbnailUrl":"https:\/\/asapjunkremoval.ca\/wp-content\/uploads\/2025\/12\/last-photo-on-contact-us-scaled.jpg","datePublished":"2025-10-17T19:11:38+00:00","dateModified":"2026-02-11T23:00:16+00:00","breadcrumb":{"@id":"https:\/\/asapjunkremoval.ca\/contact\/#breadcrumb"},"inLanguage":"fr-FR","potentialAction":[{"@type":"ReadAction","target":["https:\/\/asapjunkremoval.ca\/contact\/"]}]},{"@type":"ImageObject","inLanguage":"fr-FR","@id":"https:\/\/asapjunkremoval.ca\/contact\/#primaryimage","url":"https:\/\/asapjunkremoval.ca\/wp-content\/uploads\/2025\/12\/last-photo-on-contact-us-scaled.jpg","contentUrl":"https:\/\/asapjunkremoval.ca\/wp-content\/uploads\/2025\/12\/last-photo-on-contact-us-scaled.jpg"},{"@type":"BreadcrumbList","@id":"https:\/\/asapjunkremoval.ca\/contact\/#breadcrumb","itemListElement":[{"@type":"ListItem","position":1,"name":"Home","item":"https:\/\/asapjunkremoval.ca\/"},{"@type":"ListItem","position":2,"name":"Contact"}]},{"@type":"WebSite","@id":"https:\/\/asapjunkremoval.ca\/fr\/#website","url":"https:\/\/asapjunkremoval.ca\/fr\/","name":"Enl\u00e8vement des d\u00e9chets ASAP","description":"Les experts en enl\u00e8vement de d\u00e9chets de confiance de Montr\u00e9al","publisher":{"@id":"https:\/\/asapjunkremoval.ca\/fr\/#organization"},"potentialAction":[{"@type":"SearchAction","target":{"@type":"EntryPoint","urlTemplate":"https:\/\/asapjunkremoval.ca\/fr\/?s={search_term_string}"},"query-input":{"@type":"PropertyValueSpecification","valueRequired":true,"valueName":"search_term_string"}}],"inLanguage":"fr-FR"},{"@type":"Organization","@id":"https:\/\/asapjunkremoval.ca\/fr\/#organization","name":"Enl\u00e8vement des d\u00e9chets ASAP","url":"https:\/\/asapjunkremoval.ca\/fr\/","logo":{"@type":"ImageObject","inLanguage":"fr-FR","@id":"https:\/\/asapjunkremoval.ca\/fr\/#\/schema\/logo\/image\/","url":"https:\/\/asapjunkremoval.ca\/wp-content\/uploads\/2025\/10\/ASAP-favicon.webp","contentUrl":"https:\/\/asapjunkremoval.ca\/wp-content\/uploads\/2025\/10\/ASAP-favicon.webp","width":1316,"height":1316,"caption":"ASAP Junk Removal"},"image":{"@id":"https:\/\/asapjunkremoval.ca\/fr\/#\/schema\/logo\/image\/"}}]}},"_hostinger_reach_plugin_has_subscription_block":false,"_hostinger_reach_plugin_is_elementor":false,"_links":{"self":[{"href":"https:\/\/asapjunkremoval.ca\/fr\/wp-json\/wp\/v2\/pages\/117","targetHints":{"allow":["GET"]}}],"collection":[{"href":"https:\/\/asapjunkremoval.ca\/fr\/wp-json\/wp\/v2\/pages"}],"about":[{"href":"https:\/\/asapjunkremoval.ca\/fr\/wp-json\/wp\/v2\/types\/page"}],"author":[{"embeddable":true,"href":"https:\/\/asapjunkremoval.ca\/fr\/wp-json\/wp\/v2\/users\/1"}],"replies":[{"embeddable":true,"href":"https:\/\/asapjunkremoval.ca\/fr\/wp-json\/wp\/v2\/comments?post=117"}],"version-history":[{"count":31,"href":"https:\/\/asapjunkremoval.ca\/fr\/wp-json\/wp\/v2\/pages\/117\/revisions"}],"predecessor-version":[{"id":3375,"href":"https:\/\/asapjunkremoval.ca\/fr\/wp-json\/wp\/v2\/pages\/117\/revisions\/3375"}],"wp:attachment":[{"href":"https:\/\/asapjunkremoval.ca\/fr\/wp-json\/wp\/v2\/media?parent=117"}],"curies":[{"name":"wp","href":"https:\/\/api.w.org\/{rel}","templated":true}]}}