{"id":1158,"date":"2025-11-12T20:44:26","date_gmt":"2025-11-12T20:44:26","guid":{"rendered":"https:\/\/asap.hostingpruebaspearl.com\/?page_id=1158"},"modified":"2026-04-01T22:25:25","modified_gmt":"2026-04-01T22:25:25","slug":"terms-of-service","status":"publish","type":"page","link":"https:\/\/asapjunkremoval.ca\/fr\/terms-of-service\/","title":{"rendered":"Terms of Service"},"content":{"rendered":"<div data-elementor-type=\"wp-page\" data-elementor-id=\"1158\" class=\"elementor elementor-1158\" data-elementor-post-type=\"page\">\n\t\t\t\t<div class=\"elementor-element elementor-element-b6ea6cb e-con-full e-flex e-con e-parent\" data-id=\"b6ea6cb\" data-element_type=\"container\" data-settings=\"{&quot;background_background&quot;:&quot;classic&quot;}\">\n\t\t<div class=\"elementor-element elementor-element-24e3702 e-con-full e-flex e-con e-child\" data-id=\"24e3702\" data-element_type=\"container\">\n\t\t<div class=\"elementor-element elementor-element-c5a0dab e-con-full e-flex e-con e-child\" data-id=\"c5a0dab\" data-element_type=\"container\">\n\t\t\t\t<div class=\"elementor-element elementor-element-1fa1988 elementor-widget elementor-widget-heading\" data-id=\"1fa1988\" data-element_type=\"widget\" data-no-translation=\"\" data-widget_type=\"heading.default\">\n\t\t\t\t\t<style>.elementor-element-1fa1988{display:none !important}<\/style>\t\t\t\t<\/div>\n\t\t\t\t<div class=\"elementor-element elementor-element-4b52e38 elementor-widget elementor-widget-heading\" data-id=\"4b52e38\" data-element_type=\"widget\" data-no-translation=\"\" data-widget_type=\"heading.default\">\n\t\t\t\t\t<h2 class=\"elementor-heading-title elementor-size-default\">Conditions d'utilisation<\/h2>\t\t\t\t<\/div>\n\t\t\t\t<div class=\"elementor-element elementor-element-5b3b5e8 elementor-widget-tablet__width-initial elementor-widget elementor-widget-text-editor\" data-id=\"5b3b5e8\" data-element_type=\"widget\" data-no-translation=\"\" data-widget_type=\"text-editor.default\">\n\t\t\t\t\t<style>.elementor-element-5b3b5e8{display:none !important}<\/style>\t\t\t\t<\/div>\n\t\t\t\t<div class=\"elementor-element elementor-element-1da4344 elementor-widget-tablet__width-initial elementor-widget elementor-widget-text-editor\" data-id=\"1da4344\" data-element_type=\"widget\" data-no-translation=\"\" data-widget_type=\"text-editor.default\">\n\t\t\t\t\t<style>.elementor-element-1da4344{display:none !important}<\/style>\t\t\t\t<\/div>\n\t\t\t\t<\/div>\n\t\t\t\t<\/div>\n\t\t<div class=\"elementor-element elementor-element-477ac99 e-con-full elementor-hidden-mobile e-flex e-con e-child\" data-id=\"477ac99\" data-element_type=\"container\">\n\t\t\t\t<div class=\"elementor-element elementor-element-bf6fc17 elementor-widget-tablet__width-initial elementor-widget elementor-widget-text-editor\" data-id=\"bf6fc17\" data-element_type=\"widget\" data-no-translation=\"\" data-widget_type=\"text-editor.default\">\n\t\t\t\t\t<style>.elementor-element-bf6fc17{display:none !important}<\/style>\t\t\t\t<\/div>\n\t\t\t\t<div class=\"elementor-element elementor-element-62b3a45 elementor-widget-tablet__width-initial elementor-widget elementor-widget-text-editor\" data-id=\"62b3a45\" data-element_type=\"widget\" data-no-translation=\"\" data-widget_type=\"text-editor.default\">\n\t\t\t\t\t\t\t\t\t<p>Bienvenue chez ASAP Junk Removal. En acc\u00e9dant \u00e0 notre site web, en r\u00e9servant un service ou en communiquant avec notre \u00e9quipe, vous acceptez les conditions g\u00e9n\u00e9rales suivantes. Veuillez les lire attentivement.<\/p>\t\t\t\t\t\t\t\t<\/div>\n\t\t\t\t<\/div>\n\t\t\t\t<\/div>\n\t\t<div class=\"elementor-element elementor-element-d972991 e-flex e-con-boxed e-con e-parent\" data-id=\"d972991\" data-element_type=\"container\">\n\t\t\t\t\t<div class=\"e-con-inner\">\n\t\t<div class=\"elementor-element elementor-element-7f4fd1b e-con-full e-flex e-con e-child\" data-id=\"7f4fd1b\" data-element_type=\"container\">\n\t\t<div class=\"elementor-element elementor-element-731ed86 e-con-full e-flex e-con e-child\" data-id=\"731ed86\" data-element_type=\"container\">\n\t\t<div class=\"elementor-element elementor-element-97d7932 e-con-full e-flex e-con e-child\" data-id=\"97d7932\" data-element_type=\"container\">\n\t\t\t\t<div class=\"elementor-element elementor-element-62c81f8 elementor-widget elementor-widget-heading\" data-id=\"62c81f8\" data-element_type=\"widget\" data-no-translation=\"\" data-widget_type=\"heading.default\">\n\t\t\t\t\t<style>.elementor-element-62c81f8{display:none !important}<\/style>\t\t\t\t<\/div>\n\t\t\t\t<div class=\"elementor-element elementor-element-d697a4a elementor-widget elementor-widget-heading\" data-id=\"d697a4a\" data-element_type=\"widget\" data-no-translation=\"\" data-widget_type=\"heading.default\">\n\t\t\t\t\t<div class=\"elementor-heading-title elementor-size-default\">Conditions d'utilisation<\/div>\t\t\t\t<\/div>\n\t\t\t\t<div class=\"elementor-element elementor-element-0bb3a68 elementor-widget-tablet__width-initial elementor-widget elementor-widget-heading\" data-id=\"0bb3a68\" data-element_type=\"widget\" data-widget_type=\"heading.default\">\n\t\t\t\t\t<h2 class=\"elementor-heading-title elementor-size-default\">Ramassage ASAP Junk Removal<\/h2>\t\t\t\t<\/div>\n\t\t\t\t<div class=\"elementor-element elementor-element-1d5fadc elementor-widget-tablet__width-initial elementor-widget__width-initial elementor-widget elementor-widget-text-editor\" data-id=\"1d5fadc\" data-element_type=\"widget\" data-no-translation=\"\" data-widget_type=\"text-editor.default\">\n\t\t\t\t\t<style>.elementor-element-1d5fadc{display:none !important}<\/style>\t\t\t\t<\/div>\n\t\t\t\t<div class=\"elementor-element elementor-element-4ba9000 elementor-widget-tablet__width-initial elementor-widget__width-initial elementor-widget elementor-widget-text-editor\" data-id=\"4ba9000\" data-element_type=\"widget\" data-no-translation=\"\" data-widget_type=\"text-editor.default\">\n\t\t\t\t\t\t\t\t\t<p>CONDITIONS D\u2019UTILISATION \u2013 SMS (VERSION CONFORME A2P)<\/p><p>11909649 Canada Inc.<\/p><p>Date d\u2019entr\u00e9e en vigueur : 10\/12\/2025<\/p><p>\u00a0<\/p><ol><li>DESCRIPTION DU PROGRAMME<\/li><\/ol><p>En vous inscrivant, vous acceptez de recevoir des messages texte (SMS) de 11909649 Canada Inc. concernant :<\/p><p>&#8211; Confirmations de rendez-vous<\/p><p>&#8211; Rappels de rendez-vous<\/p><p>&#8211; Mises \u00e0 jour de service<\/p><p>&#8211; Communications de support client<\/p><p>&#8211; Offres promotionnelles (si consentement distinct)<\/p><p>\u00a0<\/p><ol start=\"2\"><li>CONSENTEMENT<\/li><\/ol><p>Le consentement est recueilli explicitement via un formulaire avec case \u00e0 cocher.<\/p><p>Votre consentement n\u2019est pas une condition d\u2019achat.<\/p><p>\u00a0<\/p><ol start=\"3\"><li>FR\u00c9QUENCE DES MESSAGES<\/li><\/ol><p>La fr\u00e9quence des messages varie selon votre interaction avec nos services (jusqu\u2019\u00e0 4 messages par mois).<\/p><p>\u00a0<\/p><ol start=\"4\"><li>FRAIS<\/li><\/ol><p>Des frais de messagerie et de donn\u00e9es peuvent s\u2019appliquer selon votre fournisseur mobile.<\/p><p>\u00a0<\/p><ol start=\"5\"><li>D\u00c9SABONNEMENT<\/li><\/ol><p>Vous pouvez vous d\u00e9sabonner \u00e0 tout moment en r\u00e9pondant STOP.<\/p><p>Apr\u00e8s d\u00e9sabonnement, vous ne recevrez plus de messages sauf si vous vous r\u00e9inscrivez.<\/p><p>\u00a0<\/p><ol start=\"6\"><li>ASSISTANCE<\/li><\/ol><p>R\u00e9pondez HELP pour obtenir de l\u2019aide ou contactez :<\/p><p>info@asapjunkremoval.ca<\/p><p>514-907-3363<\/p><p>\u00a0<\/p><ol start=\"7\"><li>CONFIDENTIALIT\u00c9<\/li><\/ol><p>Vos informations ne seront jamais vendues ou partag\u00e9es \u00e0 des fins marketing.<\/p><p>Elles peuvent \u00eatre utilis\u00e9es uniquement pour fournir les services demand\u00e9s.<\/p><p>\u00a0<\/p><ol start=\"8\"><li>RESPONSABILIT\u00c9 DES OP\u00c9RATEURS<\/li><\/ol><p>Les op\u00e9rateurs mobiles ne sont pas responsables des messages retard\u00e9s ou non livr\u00e9s.<\/p><p>\u00a0<\/p><ol start=\"9\"><li>ADMISSIBILIT\u00c9<\/li><\/ol><p>Vous devez \u00eatre \u00e2g\u00e9 de 18 ans ou plus pour utiliser ce service.<\/p><p>\u00a0<\/p><ol start=\"10\"><li>DROIT APPLICABLE<\/li><\/ol><p>Ces conditions sont r\u00e9gies par les lois du Qu\u00e9bec et du Canada.<\/p><p>\u00a0<\/p><ol start=\"11\"><li>MODIFICATIONS<\/li><\/ol><p>Nous pouvons modifier ces conditions \u00e0 tout moment. La version la plus r\u00e9cente sera disponible sur notre site.<\/p><p>\u00a0<\/p><p>CONTACT<\/p><p>11909649 Canada Inc.<\/p><p>514-907-3363<\/p><p>info@asapjunkremoval.ca<\/p><p>\u00a0<\/p><p>En vous inscrivant, vous acceptez ces conditions.<\/p>\t\t\t\t\t\t\t\t<\/div>\n\t\t\t\t<\/div>\n\t\t\t\t<\/div>\n\t\t\t\t<\/div>\n\t\t\t\t\t<\/div>\n\t\t\t\t<\/div>\n\t\t\t\t<\/div>","protected":false},"excerpt":{"rendered":"<p>Terms of service Terms &amp; Conditions \u2014 ASAP Junk Removal | MontrealLast updated: 05\/12\/2025 Conditions g\u00e9n\u00e9rales \u2014 ASAP Junk Removal | Montr\u00e9alDerni\u00e8re mise \u00e0 jour : 05\/12\/2025 Welcome to ASAP Junk Removal. By accessing or using our website, booking a service, or communicating with our team, you agree to the following Terms &amp; Conditions. Please [&hellip;]<\/p>","protected":false},"author":1,"featured_media":0,"parent":0,"menu_order":0,"comment_status":"closed","ping_status":"closed","template":"","meta":{"footnotes":""},"class_list":["post-1158","page","type-page","status-publish","hentry"],"yoast_head":"<!-- This site is optimized with the Yoast SEO plugin v26.7 - https:\/\/yoast.com\/wordpress\/plugins\/seo\/ -->\n<title>Terms of Service - ASAP Junk Removal<\/title>\n<meta name=\"robots\" content=\"index, follow, max-snippet:-1, max-image-preview:large, max-video-preview:-1\" \/>\n<link rel=\"canonical\" href=\"https:\/\/asapjunkremoval.ca\/fr\/terms-of-service\/\" \/>\n<meta property=\"og:locale\" content=\"fr_FR\" \/>\n<meta property=\"og:type\" content=\"article\" \/>\n<meta property=\"og:title\" content=\"Terms of Service - ASAP Junk Removal\" \/>\n<meta property=\"og:description\" content=\"Terms of service Terms &amp; Conditions \u2014 ASAP Junk Removal | MontrealLast updated: 05\/12\/2025 Conditions g\u00e9n\u00e9rales \u2014 ASAP Junk Removal | Montr\u00e9alDerni\u00e8re mise \u00e0 jour : 05\/12\/2025 Welcome to ASAP Junk Removal. By accessing or using our website, booking a service, or communicating with our team, you agree to the following Terms &amp; Conditions. Please [&hellip;]\" \/>\n<meta property=\"og:url\" content=\"https:\/\/asapjunkremoval.ca\/fr\/terms-of-service\/\" \/>\n<meta property=\"og:site_name\" content=\"ASAP Junk Removal\" \/>\n<meta property=\"article:modified_time\" content=\"2026-04-01T22:25:25+00:00\" \/>\n<meta name=\"twitter:card\" content=\"summary_large_image\" \/>\n<meta name=\"twitter:label1\" content=\"Dur\u00e9e de lecture estim\u00e9e\" \/>\n\t<meta name=\"twitter:data1\" content=\"7 minutes\" \/>\n<script type=\"application\/ld+json\" class=\"yoast-schema-graph\">{\"@context\":\"https:\/\/schema.org\",\"@graph\":[{\"@type\":\"WebPage\",\"@id\":\"https:\/\/asapjunkremoval.ca\/terms-of-service\/\",\"url\":\"https:\/\/asapjunkremoval.ca\/terms-of-service\/\",\"name\":\"Terms of Service - ASAP Junk Removal\",\"isPartOf\":{\"@id\":\"https:\/\/asapjunkremoval.ca\/fr\/#website\"},\"datePublished\":\"2025-11-12T20:44:26+00:00\",\"dateModified\":\"2026-04-01T22:25:25+00:00\",\"breadcrumb\":{\"@id\":\"https:\/\/asapjunkremoval.ca\/terms-of-service\/#breadcrumb\"},\"inLanguage\":\"fr-FR\",\"potentialAction\":[{\"@type\":\"ReadAction\",\"target\":[\"https:\/\/asapjunkremoval.ca\/terms-of-service\/\"]}]},{\"@type\":\"BreadcrumbList\",\"@id\":\"https:\/\/asapjunkremoval.ca\/terms-of-service\/#breadcrumb\",\"itemListElement\":[{\"@type\":\"ListItem\",\"position\":1,\"name\":\"Home\",\"item\":\"https:\/\/asapjunkremoval.ca\/\"},{\"@type\":\"ListItem\",\"position\":2,\"name\":\"Terms of Service\"}]},{\"@type\":\"WebSite\",\"@id\":\"https:\/\/asapjunkremoval.ca\/fr\/#website\",\"url\":\"https:\/\/asapjunkremoval.ca\/fr\/\",\"name\":\"ASAP Junk Removal\",\"description\":\"Montreal\u2019s Trusted Junk Removal Experts\",\"publisher\":{\"@id\":\"https:\/\/asapjunkremoval.ca\/fr\/#organization\"},\"potentialAction\":[{\"@type\":\"SearchAction\",\"target\":{\"@type\":\"EntryPoint\",\"urlTemplate\":\"https:\/\/asapjunkremoval.ca\/fr\/?s={search_term_string}\"},\"query-input\":{\"@type\":\"PropertyValueSpecification\",\"valueRequired\":true,\"valueName\":\"search_term_string\"}}],\"inLanguage\":\"fr-FR\"},{\"@type\":\"Organization\",\"@id\":\"https:\/\/asapjunkremoval.ca\/fr\/#organization\",\"name\":\"ASAP Junk Removal\",\"url\":\"https:\/\/asapjunkremoval.ca\/fr\/\",\"logo\":{\"@type\":\"ImageObject\",\"inLanguage\":\"fr-FR\",\"@id\":\"https:\/\/asapjunkremoval.ca\/fr\/#\/schema\/logo\/image\/\",\"url\":\"https:\/\/asapjunkremoval.ca\/wp-content\/uploads\/2025\/10\/ASAP-favicon.webp\",\"contentUrl\":\"https:\/\/asapjunkremoval.ca\/wp-content\/uploads\/2025\/10\/ASAP-favicon.webp\",\"width\":1316,\"height\":1316,\"caption\":\"ASAP Junk Removal\"},\"image\":{\"@id\":\"https:\/\/asapjunkremoval.ca\/fr\/#\/schema\/logo\/image\/\"}}]}<\/script>\n<!-- \/ Yoast SEO plugin. -->","yoast_head_json":{"title":"Terms of Service - ASAP Junk Removal","robots":{"index":"index","follow":"follow","max-snippet":"max-snippet:-1","max-image-preview":"max-image-preview:large","max-video-preview":"max-video-preview:-1"},"canonical":"https:\/\/asapjunkremoval.ca\/fr\/terms-of-service\/","og_locale":"fr_FR","og_type":"article","og_title":"Terms of Service - ASAP Junk Removal","og_description":"Terms of service Terms &amp; Conditions \u2014 ASAP Junk Removal | MontrealLast updated: 05\/12\/2025 Conditions g\u00e9n\u00e9rales \u2014 ASAP Junk Removal | Montr\u00e9alDerni\u00e8re mise \u00e0 jour : 05\/12\/2025 Welcome to ASAP Junk Removal. By accessing or using our website, booking a service, or communicating with our team, you agree to the following Terms &amp; Conditions. Please [&hellip;]","og_url":"https:\/\/asapjunkremoval.ca\/fr\/terms-of-service\/","og_site_name":"ASAP Junk Removal","article_modified_time":"2026-04-01T22:25:25+00:00","twitter_card":"summary_large_image","twitter_misc":{"Dur\u00e9e de lecture estim\u00e9e":"7 minutes"},"schema":{"@context":"https:\/\/schema.org","@graph":[{"@type":"WebPage","@id":"https:\/\/asapjunkremoval.ca\/terms-of-service\/","url":"https:\/\/asapjunkremoval.ca\/terms-of-service\/","name":"Terms of Service - ASAP Junk Removal","isPartOf":{"@id":"https:\/\/asapjunkremoval.ca\/fr\/#website"},"datePublished":"2025-11-12T20:44:26+00:00","dateModified":"2026-04-01T22:25:25+00:00","breadcrumb":{"@id":"https:\/\/asapjunkremoval.ca\/terms-of-service\/#breadcrumb"},"inLanguage":"fr-FR","potentialAction":[{"@type":"ReadAction","target":["https:\/\/asapjunkremoval.ca\/terms-of-service\/"]}]},{"@type":"BreadcrumbList","@id":"https:\/\/asapjunkremoval.ca\/terms-of-service\/#breadcrumb","itemListElement":[{"@type":"ListItem","position":1,"name":"Home","item":"https:\/\/asapjunkremoval.ca\/"},{"@type":"ListItem","position":2,"name":"Terms of Service"}]},{"@type":"WebSite","@id":"https:\/\/asapjunkremoval.ca\/fr\/#website","url":"https:\/\/asapjunkremoval.ca\/fr\/","name":"Enl\u00e8vement des d\u00e9chets ASAP","description":"Les experts en enl\u00e8vement de d\u00e9chets de confiance de Montr\u00e9al","publisher":{"@id":"https:\/\/asapjunkremoval.ca\/fr\/#organization"},"potentialAction":[{"@type":"SearchAction","target":{"@type":"EntryPoint","urlTemplate":"https:\/\/asapjunkremoval.ca\/fr\/?s={search_term_string}"},"query-input":{"@type":"PropertyValueSpecification","valueRequired":true,"valueName":"search_term_string"}}],"inLanguage":"fr-FR"},{"@type":"Organization","@id":"https:\/\/asapjunkremoval.ca\/fr\/#organization","name":"Enl\u00e8vement des d\u00e9chets ASAP","url":"https:\/\/asapjunkremoval.ca\/fr\/","logo":{"@type":"ImageObject","inLanguage":"fr-FR","@id":"https:\/\/asapjunkremoval.ca\/fr\/#\/schema\/logo\/image\/","url":"https:\/\/asapjunkremoval.ca\/wp-content\/uploads\/2025\/10\/ASAP-favicon.webp","contentUrl":"https:\/\/asapjunkremoval.ca\/wp-content\/uploads\/2025\/10\/ASAP-favicon.webp","width":1316,"height":1316,"caption":"ASAP Junk Removal"},"image":{"@id":"https:\/\/asapjunkremoval.ca\/fr\/#\/schema\/logo\/image\/"}}]}},"_hostinger_reach_plugin_has_subscription_block":false,"_hostinger_reach_plugin_is_elementor":false,"_links":{"self":[{"href":"https:\/\/asapjunkremoval.ca\/fr\/wp-json\/wp\/v2\/pages\/1158","targetHints":{"allow":["GET"]}}],"collection":[{"href":"https:\/\/asapjunkremoval.ca\/fr\/wp-json\/wp\/v2\/pages"}],"about":[{"href":"https:\/\/asapjunkremoval.ca\/fr\/wp-json\/wp\/v2\/types\/page"}],"author":[{"embeddable":true,"href":"https:\/\/asapjunkremoval.ca\/fr\/wp-json\/wp\/v2\/users\/1"}],"replies":[{"embeddable":true,"href":"https:\/\/asapjunkremoval.ca\/fr\/wp-json\/wp\/v2\/comments?post=1158"}],"version-history":[{"count":19,"href":"https:\/\/asapjunkremoval.ca\/fr\/wp-json\/wp\/v2\/pages\/1158\/revisions"}],"predecessor-version":[{"id":3289,"href":"https:\/\/asapjunkremoval.ca\/fr\/wp-json\/wp\/v2\/pages\/1158\/revisions\/3289"}],"wp:attachment":[{"href":"https:\/\/asapjunkremoval.ca\/fr\/wp-json\/wp\/v2\/media?parent=1158"}],"curies":[{"name":"wp","href":"https:\/\/api.w.org\/{rel}","templated":true}]}}