{"id":1150,"date":"2025-11-12T20:43:02","date_gmt":"2025-11-12T20:43:02","guid":{"rendered":"https:\/\/asap.hostingpruebaspearl.com\/?page_id=1150"},"modified":"2026-04-01T22:22:18","modified_gmt":"2026-04-01T22:22:18","slug":"privacy-policy-2","status":"publish","type":"page","link":"https:\/\/asapjunkremoval.ca\/fr\/privacy-policy-2\/","title":{"rendered":"Politique de confidentialit\u00e9"},"content":{"rendered":"<div data-elementor-type=\"wp-page\" data-elementor-id=\"1150\" class=\"elementor elementor-1150\" data-elementor-post-type=\"page\">\n\t\t\t\t<div class=\"elementor-element elementor-element-1af220a e-con-full e-flex e-con e-parent\" data-id=\"1af220a\" data-element_type=\"container\" data-settings=\"{&quot;background_background&quot;:&quot;classic&quot;}\">\n\t\t<div class=\"elementor-element elementor-element-0ac0656 e-con-full e-flex e-con e-child\" data-id=\"0ac0656\" data-element_type=\"container\">\n\t\t<div class=\"elementor-element elementor-element-35dad84 e-con-full e-flex e-con e-child\" data-id=\"35dad84\" data-element_type=\"container\">\n\t\t\t\t<div class=\"elementor-element elementor-element-efd823a elementor-widget elementor-widget-gum_heading\" data-id=\"efd823a\" data-element_type=\"widget\" data-widget_type=\"gum_heading.default\">\n\t\t\t\t<div class=\"elementor-widget-container\">\n\t\t\t\t\t<div class=\"gum-widget-title\"><h1 class=\"section-main-title size-default\">Politique de confidentialit\u00e9<\/h1><\/div>\t\t\t\t<\/div>\n\t\t\t\t<\/div>\n\t\t\t\t<div class=\"elementor-element elementor-element-e1c8e50 elementor-widget-tablet__width-initial elementor-widget elementor-widget-text-editor\" data-id=\"e1c8e50\" data-element_type=\"widget\" data-widget_type=\"text-editor.default\">\n\t\t\t\t\t\t\t\t\t<p><span style=\"font-weight: 400;\">Ramassage ASAP Junk Removal<\/span><\/p>\t\t\t\t\t\t\t\t<\/div>\n\t\t\t\t<\/div>\n\t\t\t\t<\/div>\n\t\t<div class=\"elementor-element elementor-element-e48e84c e-con-full elementor-hidden-mobile e-flex e-con e-child\" data-id=\"e48e84c\" data-element_type=\"container\">\n\t\t\t\t<div class=\"elementor-element elementor-element-7a83c66 elementor-widget-tablet__width-initial elementor-widget elementor-widget-text-editor\" data-id=\"7a83c66\" data-element_type=\"widget\" data-no-translation=\"\" data-widget_type=\"text-editor.default\">\n\t\t\t\t\t<style>.elementor-element-7a83c66{display:none !important}<\/style>\t\t\t\t<\/div>\n\t\t\t\t<div class=\"elementor-element elementor-element-31ebd2e elementor-widget-tablet__width-initial elementor-widget elementor-widget-text-editor\" data-id=\"31ebd2e\" data-element_type=\"widget\" data-no-translation=\"\" data-widget_type=\"text-editor.default\">\n\t\t\t\t\t\t\t\t\t<p><strong>POLITIQUE DE CONFIDENTIALIT\u00c9 \u2013 11909649 CANADA INC.<\/strong><\/p><p>Date d\u2019entr\u00e9e en vigueur : 10\/12\/2025<\/p><p><strong>AVIS IMPORTANT \u2013 MESSAGERIE TEXTE<\/strong><\/p><p>11909649 Canada Inc. (\u00ab nous \u00bb, \u00ab notre \u00bb, \u00ab nos \u00bb) ne partage pas les informations d\u2019inscription aux messages texte (num\u00e9ros de t\u00e9l\u00e9phone et consentements) avec des tiers \u00e0 des fins marketing ou promotionnelles. Ces donn\u00e9es sont strictement confidentielles et utilis\u00e9es uniquement pour fournir nos services.<\/p>\t\t\t\t\t\t\t\t<\/div>\n\t\t\t\t<\/div>\n\t\t\t\t<\/div>\n\t\t<div class=\"elementor-element elementor-element-1fec5e8 e-flex e-con-boxed e-con e-parent\" data-id=\"1fec5e8\" data-element_type=\"container\">\n\t\t\t\t\t<div class=\"e-con-inner\">\n\t\t<div class=\"elementor-element elementor-element-5b6b63b e-con-full e-flex e-con e-child\" data-id=\"5b6b63b\" data-element_type=\"container\">\n\t\t<div class=\"elementor-element elementor-element-3586f2b e-con-full e-flex e-con e-child\" data-id=\"3586f2b\" data-element_type=\"container\">\n\t\t<div class=\"elementor-element elementor-element-a985bd3 e-con-full e-flex e-con e-child\" data-id=\"a985bd3\" data-element_type=\"container\">\n\t\t\t\t<div class=\"elementor-element elementor-element-0ab2172 elementor-widget elementor-widget-heading\" data-id=\"0ab2172\" data-element_type=\"widget\" data-no-translation=\"\" data-widget_type=\"heading.default\">\n\t\t\t\t\t<style>.elementor-element-0ab2172{display:none !important}<\/style>\t\t\t\t<\/div>\n\t\t\t\t<div class=\"elementor-element elementor-element-7e50caf elementor-widget elementor-widget-heading\" data-id=\"7e50caf\" data-element_type=\"widget\" data-no-translation=\"\" data-widget_type=\"heading.default\">\n\t\t\t\t\t<div class=\"elementor-heading-title elementor-size-default\">politique de confidentialit\u00e9<\/div>\t\t\t\t<\/div>\n\t\t\t\t<div class=\"elementor-element elementor-element-92daca6 elementor-widget-tablet__width-initial elementor-widget elementor-widget-heading\" data-id=\"92daca6\" data-element_type=\"widget\" data-no-translation=\"\" data-widget_type=\"heading.default\">\n\t\t\t\t\t<style>.elementor-element-92daca6{display:none !important}<\/style>\t\t\t\t<\/div>\n\t\t\t\t<div class=\"elementor-element elementor-element-d30b252 elementor-widget-tablet__width-initial elementor-widget elementor-widget-heading\" data-id=\"d30b252\" data-element_type=\"widget\" data-no-translation=\"\" data-widget_type=\"heading.default\">\n\t\t\t\t\t<h2 class=\"elementor-heading-title elementor-size-default\">Informations que nous recueillons<\/h2>\t\t\t\t<\/div>\n\t\t\t\t<div class=\"elementor-element elementor-element-25a2fdf elementor-widget__width-initial elementor-widget elementor-widget-text-editor\" data-id=\"25a2fdf\" data-element_type=\"widget\" data-no-translation=\"\" data-widget_type=\"text-editor.default\">\n\t\t\t\t\t<style>.elementor-element-25a2fdf{display:none !important}<\/style>\t\t\t\t<\/div>\n\t\t\t\t<div class=\"elementor-element elementor-element-ad4b04e elementor-widget__width-initial elementor-widget elementor-widget-text-editor\" data-id=\"ad4b04e\" data-element_type=\"widget\" data-no-translation=\"\" data-widget_type=\"text-editor.default\">\n\t\t\t\t\t\t\t\t\t<ol><li><strong> RESPONSABLE DE LA PROTECTION DES RENSEIGNEMENTS PERSONNELS<\/strong><\/li><\/ol><p>Conform\u00e9ment \u00e0 la Loi 25, nous avons d\u00e9sign\u00e9 un responsable de la protection des renseignements personnels.<\/p><p>Contact : info@asapjunkremoval.ca | 514-907-3363<\/p><ol start=\"2\"><li><strong> RENSEIGNEMENTS RECUEILLIS<\/strong><\/li><\/ol><p>Nous recueillons les renseignements suivants :<\/p><p>&#8211; Nom, courriel, t\u00e9l\u00e9phone, adresse<\/p><p>&#8211; Informations de paiement<\/p><p>&#8211; Consentements et horodatage<\/p><p>&#8211; Donn\u00e9es techniques (IP, navigateur, appareil)<\/p><p>&#8211; Historique des services et communications<\/p><ol start=\"3\"><li><strong> UTILISATION DES RENSEIGNEMENTS<\/strong><\/li><\/ol><p>Les renseignements sont utilis\u00e9s pour fournir les services, traiter les paiements, communiquer avec vous, am\u00e9liorer l\u2019exp\u00e9rience utilisateur et assurer la s\u00e9curit\u00e9.<\/p><ol start=\"4\"><li><strong> CONSENTEMENT<\/strong><\/li><\/ol><p>Nous recueillons votre consentement de mani\u00e8re explicite. Vous pouvez le retirer en tout temps.<\/p><ol start=\"5\"><li><strong> COMMUNICATIONS SMS<\/strong><\/li><\/ol><p>Vous pouvez recevoir des rappels, mises \u00e0 jour et messages de support.<\/p><p>D\u00e9sabonnement : r\u00e9pondre STOP | Assistance : r\u00e9pondre AIDE<\/p><ol start=\"6\"><li><strong> PARTAGE DES DONN\u00c9ES<\/strong><\/li><\/ol><p>Nous ne vendons ni ne louons vos donn\u00e9es. Elles peuvent \u00eatre partag\u00e9es uniquement avec des fournisseurs n\u00e9cessaires (paiement, SMS, CRM).<\/p><ol start=\"7\"><li><strong> TRANSFERT HORS QU\u00c9BEC<\/strong><\/li><\/ol><p>Certaines donn\u00e9es peuvent \u00eatre trait\u00e9es \u00e0 l\u2019ext\u00e9rieur du Qu\u00e9bec avec des mesures de protection ad\u00e9quates.<\/p><ol start=\"8\"><li><strong> CONSERVATION DES DONN\u00c9ES<\/strong><\/li><\/ol><p>Les donn\u00e9es sont conserv\u00e9es uniquement pour la dur\u00e9e n\u00e9cessaire puis supprim\u00e9es ou anonymis\u00e9es.<\/p><ol start=\"9\"><li><strong> S\u00c9CURIT\u00c9<\/strong><\/li><\/ol><p>Nous appliquons des mesures de s\u00e9curit\u00e9 incluant chiffrement, contr\u00f4le d\u2019acc\u00e8s et audits r\u00e9guliers.<\/p><ol start=\"10\"><li><strong> INCIDENTS DE CONFIDENTIALIT\u00c9<\/strong><\/li><\/ol><p>En cas d\u2019incident, nous informerons les personnes concern\u00e9es et la Commission d\u2019acc\u00e8s \u00e0 l\u2019information si requis.<\/p><ol start=\"11\"><li><strong> COOKIES<\/strong><\/li><\/ol><p>Nous utilisons des cookies pour am\u00e9liorer l\u2019exp\u00e9rience utilisateur.<\/p><ol start=\"12\"><li><strong> VOS DROITS (LOI 25)<\/strong><\/li><\/ol><p>Vous pouvez acc\u00e9der, corriger, supprimer vos donn\u00e9es et demander leur portabilit\u00e9.<\/p><ol start=\"13\"><li><strong> D\u00c9CISION AUTOMATIS\u00c9E<\/strong><\/li><\/ol><p>Aucune d\u00e9cision importante n\u2019est prise uniquement par traitement automatis\u00e9.<\/p><ol start=\"14\"><li><strong> CONTACT<\/strong><\/li><\/ol><p>11909649 Canada Inc. | 514-907-3363 | info@asapjunkremoval.ca<\/p><p><strong>CONSENTEMENT<\/strong><\/p><p>En utilisant nos services, vous acceptez cette politique.<\/p>\t\t\t\t\t\t\t\t<\/div>\n\t\t\t\t<\/div>\n\t\t\t\t<\/div>\n\t\t\t\t<\/div>\n\t\t\t\t\t<\/div>\n\t\t\t\t<\/div>\n\t\t\t\t<\/div>","protected":false},"excerpt":{"rendered":"<p>Privacy Policy Ramassage ASAP Junk Removal 11909649 Canada Inc. Privacy Policy Effective Date: 10\/12\/2025 IMPORTANT NOTICE REGARDING TEXT MESSAGING DATA 11909649 Canada Inc. (&#8220;we,&#8221; &#8220;us,&#8221; or &#8220;our&#8221;) DOES NOT share customer opt-in information, including phone numbers and consent records, with any affiliates or third parties for marketing, promotional, or any other purposes unrelated to providing [&hellip;]<\/p>","protected":false},"author":1,"featured_media":0,"parent":0,"menu_order":0,"comment_status":"closed","ping_status":"closed","template":"","meta":{"footnotes":""},"class_list":["post-1150","page","type-page","status-publish","hentry"],"yoast_head":"<!-- This site is optimized with the Yoast SEO plugin v26.7 - https:\/\/yoast.com\/wordpress\/plugins\/seo\/ -->\n<title>Privacy Policy - ASAP Junk Removal<\/title>\n<meta name=\"robots\" content=\"index, follow, max-snippet:-1, max-image-preview:large, max-video-preview:-1\" \/>\n<link rel=\"canonical\" href=\"https:\/\/asapjunkremoval.ca\/fr\/privacy-policy-2\/\" \/>\n<meta property=\"og:locale\" content=\"fr_FR\" \/>\n<meta property=\"og:type\" content=\"article\" \/>\n<meta property=\"og:title\" content=\"Privacy Policy - ASAP Junk Removal\" \/>\n<meta property=\"og:description\" content=\"Privacy Policy Ramassage ASAP Junk Removal 11909649 Canada Inc. Privacy Policy Effective Date: 10\/12\/2025 IMPORTANT NOTICE REGARDING TEXT MESSAGING DATA 11909649 Canada Inc. (&#8220;we,&#8221; &#8220;us,&#8221; or &#8220;our&#8221;) DOES NOT share customer opt-in information, including phone numbers and consent records, with any affiliates or third parties for marketing, promotional, or any other purposes unrelated to providing [&hellip;]\" \/>\n<meta property=\"og:url\" content=\"https:\/\/asapjunkremoval.ca\/fr\/privacy-policy-2\/\" \/>\n<meta property=\"og:site_name\" content=\"ASAP Junk Removal\" \/>\n<meta property=\"article:modified_time\" content=\"2026-04-01T22:22:18+00:00\" \/>\n<meta name=\"twitter:card\" content=\"summary_large_image\" \/>\n<meta name=\"twitter:label1\" content=\"Dur\u00e9e de lecture estim\u00e9e\" \/>\n\t<meta name=\"twitter:data1\" content=\"1 minute\" \/>\n<script type=\"application\/ld+json\" class=\"yoast-schema-graph\">{\"@context\":\"https:\/\/schema.org\",\"@graph\":[{\"@type\":\"WebPage\",\"@id\":\"https:\/\/asapjunkremoval.ca\/privacy-policy-2\/\",\"url\":\"https:\/\/asapjunkremoval.ca\/privacy-policy-2\/\",\"name\":\"Privacy Policy - ASAP Junk Removal\",\"isPartOf\":{\"@id\":\"https:\/\/asapjunkremoval.ca\/fr\/#website\"},\"datePublished\":\"2025-11-12T20:43:02+00:00\",\"dateModified\":\"2026-04-01T22:22:18+00:00\",\"breadcrumb\":{\"@id\":\"https:\/\/asapjunkremoval.ca\/privacy-policy-2\/#breadcrumb\"},\"inLanguage\":\"fr-FR\",\"potentialAction\":[{\"@type\":\"ReadAction\",\"target\":[\"https:\/\/asapjunkremoval.ca\/privacy-policy-2\/\"]}]},{\"@type\":\"BreadcrumbList\",\"@id\":\"https:\/\/asapjunkremoval.ca\/privacy-policy-2\/#breadcrumb\",\"itemListElement\":[{\"@type\":\"ListItem\",\"position\":1,\"name\":\"Home\",\"item\":\"https:\/\/asapjunkremoval.ca\/\"},{\"@type\":\"ListItem\",\"position\":2,\"name\":\"Privacy Policy\"}]},{\"@type\":\"WebSite\",\"@id\":\"https:\/\/asapjunkremoval.ca\/fr\/#website\",\"url\":\"https:\/\/asapjunkremoval.ca\/fr\/\",\"name\":\"ASAP Junk Removal\",\"description\":\"Montreal\u2019s Trusted Junk Removal Experts\",\"publisher\":{\"@id\":\"https:\/\/asapjunkremoval.ca\/fr\/#organization\"},\"potentialAction\":[{\"@type\":\"SearchAction\",\"target\":{\"@type\":\"EntryPoint\",\"urlTemplate\":\"https:\/\/asapjunkremoval.ca\/fr\/?s={search_term_string}\"},\"query-input\":{\"@type\":\"PropertyValueSpecification\",\"valueRequired\":true,\"valueName\":\"search_term_string\"}}],\"inLanguage\":\"fr-FR\"},{\"@type\":\"Organization\",\"@id\":\"https:\/\/asapjunkremoval.ca\/fr\/#organization\",\"name\":\"ASAP Junk Removal\",\"url\":\"https:\/\/asapjunkremoval.ca\/fr\/\",\"logo\":{\"@type\":\"ImageObject\",\"inLanguage\":\"fr-FR\",\"@id\":\"https:\/\/asapjunkremoval.ca\/fr\/#\/schema\/logo\/image\/\",\"url\":\"https:\/\/asapjunkremoval.ca\/wp-content\/uploads\/2025\/10\/ASAP-favicon.webp\",\"contentUrl\":\"https:\/\/asapjunkremoval.ca\/wp-content\/uploads\/2025\/10\/ASAP-favicon.webp\",\"width\":1316,\"height\":1316,\"caption\":\"ASAP Junk Removal\"},\"image\":{\"@id\":\"https:\/\/asapjunkremoval.ca\/fr\/#\/schema\/logo\/image\/\"}}]}<\/script>\n<!-- \/ Yoast SEO plugin. -->","yoast_head_json":{"title":"Privacy Policy - ASAP Junk Removal","robots":{"index":"index","follow":"follow","max-snippet":"max-snippet:-1","max-image-preview":"max-image-preview:large","max-video-preview":"max-video-preview:-1"},"canonical":"https:\/\/asapjunkremoval.ca\/fr\/privacy-policy-2\/","og_locale":"fr_FR","og_type":"article","og_title":"Privacy Policy - ASAP Junk Removal","og_description":"Privacy Policy Ramassage ASAP Junk Removal 11909649 Canada Inc. Privacy Policy Effective Date: 10\/12\/2025 IMPORTANT NOTICE REGARDING TEXT MESSAGING DATA 11909649 Canada Inc. (&#8220;we,&#8221; &#8220;us,&#8221; or &#8220;our&#8221;) DOES NOT share customer opt-in information, including phone numbers and consent records, with any affiliates or third parties for marketing, promotional, or any other purposes unrelated to providing [&hellip;]","og_url":"https:\/\/asapjunkremoval.ca\/fr\/privacy-policy-2\/","og_site_name":"ASAP Junk Removal","article_modified_time":"2026-04-01T22:22:18+00:00","twitter_card":"summary_large_image","twitter_misc":{"Dur\u00e9e de lecture estim\u00e9e":"1 minute"},"schema":{"@context":"https:\/\/schema.org","@graph":[{"@type":"WebPage","@id":"https:\/\/asapjunkremoval.ca\/privacy-policy-2\/","url":"https:\/\/asapjunkremoval.ca\/privacy-policy-2\/","name":"Privacy Policy - ASAP Junk Removal","isPartOf":{"@id":"https:\/\/asapjunkremoval.ca\/fr\/#website"},"datePublished":"2025-11-12T20:43:02+00:00","dateModified":"2026-04-01T22:22:18+00:00","breadcrumb":{"@id":"https:\/\/asapjunkremoval.ca\/privacy-policy-2\/#breadcrumb"},"inLanguage":"fr-FR","potentialAction":[{"@type":"ReadAction","target":["https:\/\/asapjunkremoval.ca\/privacy-policy-2\/"]}]},{"@type":"BreadcrumbList","@id":"https:\/\/asapjunkremoval.ca\/privacy-policy-2\/#breadcrumb","itemListElement":[{"@type":"ListItem","position":1,"name":"Home","item":"https:\/\/asapjunkremoval.ca\/"},{"@type":"ListItem","position":2,"name":"Privacy Policy"}]},{"@type":"WebSite","@id":"https:\/\/asapjunkremoval.ca\/fr\/#website","url":"https:\/\/asapjunkremoval.ca\/fr\/","name":"Enl\u00e8vement des d\u00e9chets ASAP","description":"Les experts en enl\u00e8vement de d\u00e9chets de confiance de Montr\u00e9al","publisher":{"@id":"https:\/\/asapjunkremoval.ca\/fr\/#organization"},"potentialAction":[{"@type":"SearchAction","target":{"@type":"EntryPoint","urlTemplate":"https:\/\/asapjunkremoval.ca\/fr\/?s={search_term_string}"},"query-input":{"@type":"PropertyValueSpecification","valueRequired":true,"valueName":"search_term_string"}}],"inLanguage":"fr-FR"},{"@type":"Organization","@id":"https:\/\/asapjunkremoval.ca\/fr\/#organization","name":"Enl\u00e8vement des d\u00e9chets ASAP","url":"https:\/\/asapjunkremoval.ca\/fr\/","logo":{"@type":"ImageObject","inLanguage":"fr-FR","@id":"https:\/\/asapjunkremoval.ca\/fr\/#\/schema\/logo\/image\/","url":"https:\/\/asapjunkremoval.ca\/wp-content\/uploads\/2025\/10\/ASAP-favicon.webp","contentUrl":"https:\/\/asapjunkremoval.ca\/wp-content\/uploads\/2025\/10\/ASAP-favicon.webp","width":1316,"height":1316,"caption":"ASAP Junk Removal"},"image":{"@id":"https:\/\/asapjunkremoval.ca\/fr\/#\/schema\/logo\/image\/"}}]}},"_hostinger_reach_plugin_has_subscription_block":false,"_hostinger_reach_plugin_is_elementor":false,"_links":{"self":[{"href":"https:\/\/asapjunkremoval.ca\/fr\/wp-json\/wp\/v2\/pages\/1150","targetHints":{"allow":["GET"]}}],"collection":[{"href":"https:\/\/asapjunkremoval.ca\/fr\/wp-json\/wp\/v2\/pages"}],"about":[{"href":"https:\/\/asapjunkremoval.ca\/fr\/wp-json\/wp\/v2\/types\/page"}],"author":[{"embeddable":true,"href":"https:\/\/asapjunkremoval.ca\/fr\/wp-json\/wp\/v2\/users\/1"}],"replies":[{"embeddable":true,"href":"https:\/\/asapjunkremoval.ca\/fr\/wp-json\/wp\/v2\/comments?post=1150"}],"version-history":[{"count":22,"href":"https:\/\/asapjunkremoval.ca\/fr\/wp-json\/wp\/v2\/pages\/1150\/revisions"}],"predecessor-version":[{"id":3292,"href":"https:\/\/asapjunkremoval.ca\/fr\/wp-json\/wp\/v2\/pages\/1150\/revisions\/3292"}],"wp:attachment":[{"href":"https:\/\/asapjunkremoval.ca\/fr\/wp-json\/wp\/v2\/media?parent=1150"}],"curies":[{"name":"wp","href":"https:\/\/api.w.org\/{rel}","templated":true}]}}